{"id":620,"date":"2022-12-19T19:38:25","date_gmt":"2022-12-19T19:38:25","guid":{"rendered":"https:\/\/flotafoods.com\/?page_id=620"},"modified":"2023-05-15T09:47:33","modified_gmt":"2023-05-15T09:47:33","slug":"lajmet","status":"publish","type":"page","link":"https:\/\/flotafoods.com\/en\/lajmet\/","title":{"rendered":"News"},"content":{"rendered":"<div data-elementor-type=\"wp-page\" data-elementor-id=\"620\" class=\"elementor elementor-620\">\n\t\t\t\t\t\t<section class=\"elementor-section elementor-top-section elementor-element elementor-element-cc5b277 elementor-section-height-min-height elementor-section-boxed elementor-section-height-default elementor-section-items-middle she-header-no\" data-id=\"cc5b277\" data-element_type=\"section\" data-e-type=\"section\" data-settings=\"{&quot;background_background&quot;:&quot;classic&quot;,&quot;transparent&quot;:&quot;no&quot;,&quot;transparent_on&quot;:[&quot;desktop&quot;,&quot;tablet&quot;,&quot;mobile&quot;],&quot;scroll_distance&quot;:{&quot;unit&quot;:&quot;px&quot;,&quot;size&quot;:60,&quot;sizes&quot;:[]},&quot;scroll_distance_tablet&quot;:{&quot;unit&quot;:&quot;px&quot;,&quot;size&quot;:&quot;&quot;,&quot;sizes&quot;:[]},&quot;scroll_distance_mobile&quot;:{&quot;unit&quot;:&quot;px&quot;,&quot;size&quot;:&quot;&quot;,&quot;sizes&quot;:[]}}\">\n\t\t\t\t\t\t\t<div class=\"elementor-background-overlay\"><\/div>\n\t\t\t\t\t\t\t<div class=\"elementor-container elementor-column-gap-default\">\n\t\t\t\t\t<div class=\"elementor-column elementor-col-100 elementor-top-column elementor-element elementor-element-4ff3f48\" data-id=\"4ff3f48\" data-element_type=\"column\" data-e-type=\"column\">\n\t\t\t<div class=\"elementor-widget-wrap elementor-element-populated\">\n\t\t\t\t\t\t<div class=\"elementor-element elementor-element-0257402 elementor-widget-divider--view-line elementor-widget elementor-widget-divider\" data-id=\"0257402\" data-element_type=\"widget\" data-e-type=\"widget\" data-widget_type=\"divider.default\">\n\t\t\t\t<div class=\"elementor-widget-container\">\n\t\t\t\t\t\t\t<div class=\"elementor-divider\">\n\t\t\t<span class=\"elementor-divider-separator\">\n\t\t\t\t\t\t<\/span>\n\t\t<\/div>\n\t\t\t\t\t\t<\/div>\n\t\t\t\t<\/div>\n\t\t\t\t\t<\/div>\n\t\t<\/div>\n\t\t\t\t\t<\/div>\n\t\t<\/section>\n\t\t\t\t<section class=\"elementor-section elementor-top-section elementor-element elementor-element-2e05152 elementor-section-full_width elementor-section-height-default elementor-section-height-default she-header-no\" data-id=\"2e05152\" data-element_type=\"section\" data-e-type=\"section\" data-settings=\"{&quot;transparent&quot;:&quot;no&quot;,&quot;transparent_on&quot;:[&quot;desktop&quot;,&quot;tablet&quot;,&quot;mobile&quot;],&quot;scroll_distance&quot;:{&quot;unit&quot;:&quot;px&quot;,&quot;size&quot;:60,&quot;sizes&quot;:[]},&quot;scroll_distance_tablet&quot;:{&quot;unit&quot;:&quot;px&quot;,&quot;size&quot;:&quot;&quot;,&quot;sizes&quot;:[]},&quot;scroll_distance_mobile&quot;:{&quot;unit&quot;:&quot;px&quot;,&quot;size&quot;:&quot;&quot;,&quot;sizes&quot;:[]}}\">\n\t\t\t\t\t\t<div class=\"elementor-container elementor-column-gap-default\">\n\t\t\t\t\t<div class=\"elementor-column elementor-col-100 elementor-top-column elementor-element elementor-element-d34ccbc\" data-id=\"d34ccbc\" data-element_type=\"column\" data-e-type=\"column\">\n\t\t\t<div class=\"elementor-widget-wrap elementor-element-populated\">\n\t\t\t\t\t\t<div class=\"elementor-element elementor-element-655bd77 elementor-grid-3 elementor-grid-tablet-2 elementor-grid-mobile-1 elementor-posts--thumbnail-top elementor-card-shadow-yes elementor-posts__hover-gradient elementor-widget elementor-widget-posts\" data-id=\"655bd77\" data-element_type=\"widget\" data-e-type=\"widget\" data-settings=\"{&quot;cards_columns&quot;:&quot;3&quot;,&quot;cards_columns_tablet&quot;:&quot;2&quot;,&quot;cards_columns_mobile&quot;:&quot;1&quot;,&quot;cards_row_gap&quot;:{&quot;unit&quot;:&quot;px&quot;,&quot;size&quot;:35,&quot;sizes&quot;:[]},&quot;cards_row_gap_tablet&quot;:{&quot;unit&quot;:&quot;px&quot;,&quot;size&quot;:&quot;&quot;,&quot;sizes&quot;:[]},&quot;cards_row_gap_mobile&quot;:{&quot;unit&quot;:&quot;px&quot;,&quot;size&quot;:&quot;&quot;,&quot;sizes&quot;:[]}}\" data-widget_type=\"posts.cards\">\n\t\t\t\t<div class=\"elementor-widget-container\">\n\t\t\t\t\t\t\t<div class=\"elementor-posts-container elementor-posts elementor-posts--skin-cards elementor-grid\">\n\t\t\t\t<article class=\"elementor-post elementor-grid-item post-2973 post type-post status-publish format-standard has-post-thumbnail hentry category-uncategorized\">\n\t\t\t<div class=\"elementor-post__card\">\n\t\t\t\t<a class=\"elementor-post__thumbnail__link\" href=\"https:\/\/flotafoods.com\/en\/flota-foods-ju-uron-krishtlindjet\/\" ><div class=\"elementor-post__thumbnail\"><img fetchpriority=\"high\" decoding=\"async\" width=\"1080\" height=\"1080\" src=\"https:\/\/flotafoods.com\/wp-content\/uploads\/2023\/05\/319732014_1504857326702399_3817252575788805326_n.jpg\" class=\"attachment-full size-full wp-image-2974\" alt=\"\" srcset=\"https:\/\/flotafoods.com\/wp-content\/uploads\/2023\/05\/319732014_1504857326702399_3817252575788805326_n.jpg 1080w, https:\/\/flotafoods.com\/wp-content\/uploads\/2023\/05\/319732014_1504857326702399_3817252575788805326_n-300x300.jpg 300w, https:\/\/flotafoods.com\/wp-content\/uploads\/2023\/05\/319732014_1504857326702399_3817252575788805326_n-1024x1024.jpg 1024w, https:\/\/flotafoods.com\/wp-content\/uploads\/2023\/05\/319732014_1504857326702399_3817252575788805326_n-150x150.jpg 150w, https:\/\/flotafoods.com\/wp-content\/uploads\/2023\/05\/319732014_1504857326702399_3817252575788805326_n-768x768.jpg 768w, https:\/\/flotafoods.com\/wp-content\/uploads\/2023\/05\/319732014_1504857326702399_3817252575788805326_n-600x600.jpg 600w, https:\/\/flotafoods.com\/wp-content\/uploads\/2023\/05\/319732014_1504857326702399_3817252575788805326_n-100x100.jpg 100w\" sizes=\"(max-width: 1080px) 100vw, 1080px\" \/><\/div><\/a>\n\t\t\t\t<div class=\"elementor-post__text\">\n\t\t\t\t<h3 class=\"elementor-post__title\">\n\t\t\t<a href=\"https:\/\/flotafoods.com\/en\/flota-foods-ju-uron-krishtlindjet\/\" >\n\t\t\t\tFlota Foods wishes you a Merry Christmas\t\t\t<\/a>\n\t\t<\/h3>\n\t\t\t\t<div class=\"elementor-post__excerpt\">\n\t\t\t<p>Merry Christmas!<\/p>\n\t\t<\/div>\n\t\t\n\t\t<a class=\"elementor-post__read-more\" href=\"https:\/\/flotafoods.com\/en\/flota-foods-ju-uron-krishtlindjet\/\" aria-label=\"Read more about Flota Foods ju uron Krishtlindjet\" >\n\t\t\tM\u00eb shum\u00eb...\t\t<\/a>\n\n\t\t\t\t<\/div>\n\t\t\t\t<div class=\"elementor-post__meta-data\">\n\t\t\t\t\t<span class=\"elementor-post-date\">\n\t\t\tMay 15, 2023\t\t<\/span>\n\t\t\t\t<span class=\"elementor-post-avatar\">\n\t\t\tNo Comments\t\t<\/span>\n\t\t\t\t<\/div>\n\t\t\t\t\t<\/div>\n\t\t<\/article>\n\t\t\t\t<article class=\"elementor-post elementor-grid-item post-2970 post type-post status-publish format-standard has-post-thumbnail hentry category-uncategorized\">\n\t\t\t<div class=\"elementor-post__card\">\n\t\t\t\t<a class=\"elementor-post__thumbnail__link\" href=\"https:\/\/flotafoods.com\/en\/flota-foods-ju-uron-17-shkurtin\/\" ><div class=\"elementor-post__thumbnail\"><img decoding=\"async\" width=\"1080\" height=\"1080\" src=\"https:\/\/flotafoods.com\/wp-content\/uploads\/2023\/05\/331294014_3534688323522489_2420781041064656807_n.jpg\" class=\"attachment-full size-full wp-image-2971\" alt=\"\" srcset=\"https:\/\/flotafoods.com\/wp-content\/uploads\/2023\/05\/331294014_3534688323522489_2420781041064656807_n.jpg 1080w, https:\/\/flotafoods.com\/wp-content\/uploads\/2023\/05\/331294014_3534688323522489_2420781041064656807_n-300x300.jpg 300w, https:\/\/flotafoods.com\/wp-content\/uploads\/2023\/05\/331294014_3534688323522489_2420781041064656807_n-1024x1024.jpg 1024w, https:\/\/flotafoods.com\/wp-content\/uploads\/2023\/05\/331294014_3534688323522489_2420781041064656807_n-150x150.jpg 150w, https:\/\/flotafoods.com\/wp-content\/uploads\/2023\/05\/331294014_3534688323522489_2420781041064656807_n-768x768.jpg 768w, https:\/\/flotafoods.com\/wp-content\/uploads\/2023\/05\/331294014_3534688323522489_2420781041064656807_n-600x600.jpg 600w, https:\/\/flotafoods.com\/wp-content\/uploads\/2023\/05\/331294014_3534688323522489_2420781041064656807_n-100x100.jpg 100w\" sizes=\"(max-width: 1080px) 100vw, 1080px\" \/><\/div><\/a>\n\t\t\t\t<div class=\"elementor-post__text\">\n\t\t\t\t<h3 class=\"elementor-post__title\">\n\t\t\t<a href=\"https:\/\/flotafoods.com\/en\/flota-foods-ju-uron-17-shkurtin\/\" >\n\t\t\t\tFlota Foods wishes you February 17\t\t\t<\/a>\n\t\t<\/h3>\n\t\t\t\t<div class=\"elementor-post__excerpt\">\n\t\t\t<p>Urime 15 vjet shtet&nbsp;G\u00ebzuar Dit\u00ebn e Pavar\u00ebsis\u00eb Republika e Kosov\u00ebs djtzsfrw<\/p>\n\t\t<\/div>\n\t\t\n\t\t<a class=\"elementor-post__read-more\" href=\"https:\/\/flotafoods.com\/en\/flota-foods-ju-uron-17-shkurtin\/\" aria-label=\"Read more about Flota Foods ju uron 17 Shkurtin\" >\n\t\t\tM\u00eb shum\u00eb...\t\t<\/a>\n\n\t\t\t\t<\/div>\n\t\t\t\t<div class=\"elementor-post__meta-data\">\n\t\t\t\t\t<span class=\"elementor-post-date\">\n\t\t\tMay 15, 2023\t\t<\/span>\n\t\t\t\t<span class=\"elementor-post-avatar\">\n\t\t\tNo Comments\t\t<\/span>\n\t\t\t\t<\/div>\n\t\t\t\t\t<\/div>\n\t\t<\/article>\n\t\t\t\t<article class=\"elementor-post elementor-grid-item post-2967 post type-post status-publish format-standard has-post-thumbnail hentry category-uncategorized\">\n\t\t\t<div class=\"elementor-post__card\">\n\t\t\t\t<a class=\"elementor-post__thumbnail__link\" href=\"https:\/\/flotafoods.com\/en\/flota-foods-ju-uron-te-gjitha-grave-8-marsin\/\" ><div class=\"elementor-post__thumbnail\"><img decoding=\"async\" width=\"1080\" height=\"1080\" src=\"https:\/\/flotafoods.com\/wp-content\/uploads\/2023\/05\/333319798_560789752679880_8227843407624666111_n.jpg\" class=\"attachment-full size-full wp-image-2968\" alt=\"\" srcset=\"https:\/\/flotafoods.com\/wp-content\/uploads\/2023\/05\/333319798_560789752679880_8227843407624666111_n.jpg 1080w, https:\/\/flotafoods.com\/wp-content\/uploads\/2023\/05\/333319798_560789752679880_8227843407624666111_n-300x300.jpg 300w, https:\/\/flotafoods.com\/wp-content\/uploads\/2023\/05\/333319798_560789752679880_8227843407624666111_n-1024x1024.jpg 1024w, https:\/\/flotafoods.com\/wp-content\/uploads\/2023\/05\/333319798_560789752679880_8227843407624666111_n-150x150.jpg 150w, https:\/\/flotafoods.com\/wp-content\/uploads\/2023\/05\/333319798_560789752679880_8227843407624666111_n-768x768.jpg 768w, https:\/\/flotafoods.com\/wp-content\/uploads\/2023\/05\/333319798_560789752679880_8227843407624666111_n-600x600.jpg 600w, https:\/\/flotafoods.com\/wp-content\/uploads\/2023\/05\/333319798_560789752679880_8227843407624666111_n-100x100.jpg 100w\" sizes=\"(max-width: 1080px) 100vw, 1080px\" \/><\/div><\/a>\n\t\t\t\t<div class=\"elementor-post__text\">\n\t\t\t\t<h3 class=\"elementor-post__title\">\n\t\t\t<a href=\"https:\/\/flotafoods.com\/en\/flota-foods-ju-uron-te-gjitha-grave-8-marsin\/\" >\n\t\t\t\tFlota Foods wishes all women March 8\t\t\t<\/a>\n\t\t<\/h3>\n\t\t\t\t<div class=\"elementor-post__excerpt\">\n\t\t\t<p>Grat\u00eb jan\u00eb boshti i njer\u00ebzimit, jan\u00eb shtylla e sht\u00ebpis\u00eb dhe familjes.N\u00eb k\u00ebt\u00eb dit\u00eb t\u00eb ve\u00e7ant\u00eb p\u00ebr to ne i fal\u00ebnderojm\u00eb p\u00ebr sakrific\u00ebn dhe mundin e<\/p>\n\t\t<\/div>\n\t\t\n\t\t<a class=\"elementor-post__read-more\" href=\"https:\/\/flotafoods.com\/en\/flota-foods-ju-uron-te-gjitha-grave-8-marsin\/\" aria-label=\"Read more about Flota Foods ju uron t\u00eb gjitha grave 8 Marsin\" >\n\t\t\tM\u00eb shum\u00eb...\t\t<\/a>\n\n\t\t\t\t<\/div>\n\t\t\t\t<div class=\"elementor-post__meta-data\">\n\t\t\t\t\t<span class=\"elementor-post-date\">\n\t\t\tMay 15, 2023\t\t<\/span>\n\t\t\t\t<span class=\"elementor-post-avatar\">\n\t\t\tNo Comments\t\t<\/span>\n\t\t\t\t<\/div>\n\t\t\t\t\t<\/div>\n\t\t<\/article>\n\t\t\t\t<article class=\"elementor-post elementor-grid-item post-2964 post type-post status-publish format-standard has-post-thumbnail hentry category-uncategorized\">\n\t\t\t<div class=\"elementor-post__card\">\n\t\t\t\t<a class=\"elementor-post__thumbnail__link\" href=\"https:\/\/flotafoods.com\/en\/flota-foods-ju-uron-muajin-e-shenjte-teramazanit\/\" ><div class=\"elementor-post__thumbnail\"><img loading=\"lazy\" decoding=\"async\" width=\"1080\" height=\"1080\" src=\"https:\/\/flotafoods.com\/wp-content\/uploads\/2023\/05\/337512696_9424879764196587_9037375478722765189_n.jpg\" class=\"attachment-full size-full wp-image-2965\" alt=\"\" srcset=\"https:\/\/flotafoods.com\/wp-content\/uploads\/2023\/05\/337512696_9424879764196587_9037375478722765189_n.jpg 1080w, https:\/\/flotafoods.com\/wp-content\/uploads\/2023\/05\/337512696_9424879764196587_9037375478722765189_n-300x300.jpg 300w, https:\/\/flotafoods.com\/wp-content\/uploads\/2023\/05\/337512696_9424879764196587_9037375478722765189_n-1024x1024.jpg 1024w, https:\/\/flotafoods.com\/wp-content\/uploads\/2023\/05\/337512696_9424879764196587_9037375478722765189_n-150x150.jpg 150w, https:\/\/flotafoods.com\/wp-content\/uploads\/2023\/05\/337512696_9424879764196587_9037375478722765189_n-768x768.jpg 768w, https:\/\/flotafoods.com\/wp-content\/uploads\/2023\/05\/337512696_9424879764196587_9037375478722765189_n-600x600.jpg 600w, https:\/\/flotafoods.com\/wp-content\/uploads\/2023\/05\/337512696_9424879764196587_9037375478722765189_n-100x100.jpg 100w\" sizes=\"(max-width: 1080px) 100vw, 1080px\" \/><\/div><\/a>\n\t\t\t\t<div class=\"elementor-post__text\">\n\t\t\t\t<h3 class=\"elementor-post__title\">\n\t\t\t<a href=\"https:\/\/flotafoods.com\/en\/flota-foods-ju-uron-muajin-e-shenjte-teramazanit\/\" >\n\t\t\t\tFlota Foods ju uron muajin e shenjt\u00eb t\u00ebRamazanit\t\t\t<\/a>\n\t\t<\/h3>\n\t\t\t\t<div class=\"elementor-post__excerpt\">\n\t\t\t<p>Urime fillimi i muajt t\u00eb shenjt\u00eb t\u00eb Ramazanit nga Flota Foods. Ky muaj qoft\u00eb moment reflektimi shpirt\u00ebror e rritje e solidaritetit nd\u00ebrnjer\u00ebzor. Ju d\u00ebshirojm\u00eb agj\u00ebrim<\/p>\n\t\t<\/div>\n\t\t\n\t\t<a class=\"elementor-post__read-more\" href=\"https:\/\/flotafoods.com\/en\/flota-foods-ju-uron-muajin-e-shenjte-teramazanit\/\" aria-label=\"Read more about Flota Foods ju uron muajin e shenjt\u00eb t\u00ebRamazanit\" >\n\t\t\tM\u00eb shum\u00eb...\t\t<\/a>\n\n\t\t\t\t<\/div>\n\t\t\t\t<div class=\"elementor-post__meta-data\">\n\t\t\t\t\t<span class=\"elementor-post-date\">\n\t\t\tMay 15, 2023\t\t<\/span>\n\t\t\t\t<span class=\"elementor-post-avatar\">\n\t\t\tNo Comments\t\t<\/span>\n\t\t\t\t<\/div>\n\t\t\t\t\t<\/div>\n\t\t<\/article>\n\t\t\t\t<article class=\"elementor-post elementor-grid-item post-2956 post type-post status-publish format-standard has-post-thumbnail hentry category-uncategorized\">\n\t\t\t<div class=\"elementor-post__card\">\n\t\t\t\t<a class=\"elementor-post__thumbnail__link\" href=\"https:\/\/flotafoods.com\/en\/flota-foods-ju-uron-festen-e-fiter-bajramit\/\" ><div class=\"elementor-post__thumbnail\"><img loading=\"lazy\" decoding=\"async\" width=\"1080\" height=\"1080\" src=\"https:\/\/flotafoods.com\/wp-content\/uploads\/2023\/05\/342390341_1306951783225722_1443050983192572421_n.jpg\" class=\"attachment-full size-full wp-image-2958\" alt=\"\" srcset=\"https:\/\/flotafoods.com\/wp-content\/uploads\/2023\/05\/342390341_1306951783225722_1443050983192572421_n.jpg 1080w, https:\/\/flotafoods.com\/wp-content\/uploads\/2023\/05\/342390341_1306951783225722_1443050983192572421_n-300x300.jpg 300w, https:\/\/flotafoods.com\/wp-content\/uploads\/2023\/05\/342390341_1306951783225722_1443050983192572421_n-1024x1024.jpg 1024w, https:\/\/flotafoods.com\/wp-content\/uploads\/2023\/05\/342390341_1306951783225722_1443050983192572421_n-150x150.jpg 150w, https:\/\/flotafoods.com\/wp-content\/uploads\/2023\/05\/342390341_1306951783225722_1443050983192572421_n-768x768.jpg 768w, https:\/\/flotafoods.com\/wp-content\/uploads\/2023\/05\/342390341_1306951783225722_1443050983192572421_n-600x600.jpg 600w, https:\/\/flotafoods.com\/wp-content\/uploads\/2023\/05\/342390341_1306951783225722_1443050983192572421_n-100x100.jpg 100w\" sizes=\"(max-width: 1080px) 100vw, 1080px\" \/><\/div><\/a>\n\t\t\t\t<div class=\"elementor-post__text\">\n\t\t\t\t<h3 class=\"elementor-post__title\">\n\t\t\t<a href=\"https:\/\/flotafoods.com\/en\/flota-foods-ju-uron-festen-e-fiter-bajramit\/\" >\n\t\t\t\tFlota Foods ju uron fest\u00ebn e Fit\u00ebr Bajramit.\t\t\t<\/a>\n\t\t<\/h3>\n\t\t\t\t<div class=\"elementor-post__excerpt\">\n\t\t\t<p>T\u00eb dashur qytetar\u00eb t\u00eb besimit islam, G\u00ebzuar fest\u00ebn e Fit\u00ebr Bajramit. Qoft\u00eb nj\u00eb dit\u00eb me plot\u00eb dashuri e solidaritet n\u00eb familjet tuaja!<\/p>\n\t\t<\/div>\n\t\t\n\t\t<a class=\"elementor-post__read-more\" href=\"https:\/\/flotafoods.com\/en\/flota-foods-ju-uron-festen-e-fiter-bajramit\/\" aria-label=\"Read more about Flota Foods ju uron fest\u00ebn e Fit\u00ebr Bajramit.\" >\n\t\t\tM\u00eb shum\u00eb...\t\t<\/a>\n\n\t\t\t\t<\/div>\n\t\t\t\t<div class=\"elementor-post__meta-data\">\n\t\t\t\t\t<span class=\"elementor-post-date\">\n\t\t\tMay 15, 2023\t\t<\/span>\n\t\t\t\t<span class=\"elementor-post-avatar\">\n\t\t\tNo Comments\t\t<\/span>\n\t\t\t\t<\/div>\n\t\t\t\t\t<\/div>\n\t\t<\/article>\n\t\t\t\t<article class=\"elementor-post elementor-grid-item post-2952 post type-post status-publish format-standard has-post-thumbnail hentry category-uncategorized\">\n\t\t\t<div class=\"elementor-post__card\">\n\t\t\t\t<a class=\"elementor-post__thumbnail__link\" href=\"https:\/\/flotafoods.com\/en\/black-olives\/\" ><div class=\"elementor-post__thumbnail\"><img loading=\"lazy\" decoding=\"async\" width=\"1080\" height=\"1080\" src=\"https:\/\/flotafoods.com\/wp-content\/uploads\/2023\/05\/344740735_187031554233774_4808446205136641608_n.jpg\" class=\"attachment-full size-full wp-image-2953\" alt=\"\" srcset=\"https:\/\/flotafoods.com\/wp-content\/uploads\/2023\/05\/344740735_187031554233774_4808446205136641608_n.jpg 1080w, https:\/\/flotafoods.com\/wp-content\/uploads\/2023\/05\/344740735_187031554233774_4808446205136641608_n-300x300.jpg 300w, https:\/\/flotafoods.com\/wp-content\/uploads\/2023\/05\/344740735_187031554233774_4808446205136641608_n-1024x1024.jpg 1024w, https:\/\/flotafoods.com\/wp-content\/uploads\/2023\/05\/344740735_187031554233774_4808446205136641608_n-150x150.jpg 150w, https:\/\/flotafoods.com\/wp-content\/uploads\/2023\/05\/344740735_187031554233774_4808446205136641608_n-768x768.jpg 768w, https:\/\/flotafoods.com\/wp-content\/uploads\/2023\/05\/344740735_187031554233774_4808446205136641608_n-600x600.jpg 600w, https:\/\/flotafoods.com\/wp-content\/uploads\/2023\/05\/344740735_187031554233774_4808446205136641608_n-100x100.jpg 100w\" sizes=\"(max-width: 1080px) 100vw, 1080px\" \/><\/div><\/a>\n\t\t\t\t<div class=\"elementor-post__text\">\n\t\t\t\t<h3 class=\"elementor-post__title\">\n\t\t\t<a href=\"https:\/\/flotafoods.com\/en\/black-olives\/\" >\n\t\t\t\tBlack Olives\t\t\t<\/a>\n\t\t<\/h3>\n\t\t\t\t<div class=\"elementor-post__excerpt\">\n\t\t\t<p>Ullinj\u00ebt e Flot\u00ebs tani edhe n\u00eb Agora.<\/p>\n\t\t<\/div>\n\t\t\n\t\t<a class=\"elementor-post__read-more\" href=\"https:\/\/flotafoods.com\/en\/black-olives\/\" aria-label=\"Read more about Black Olives\" >\n\t\t\tM\u00eb shum\u00eb...\t\t<\/a>\n\n\t\t\t\t<\/div>\n\t\t\t\t<div class=\"elementor-post__meta-data\">\n\t\t\t\t\t<span class=\"elementor-post-date\">\n\t\t\tMay 15, 2023\t\t<\/span>\n\t\t\t\t<span class=\"elementor-post-avatar\">\n\t\t\tNo Comments\t\t<\/span>\n\t\t\t\t<\/div>\n\t\t\t\t\t<\/div>\n\t\t<\/article>\n\t\t\t\t<\/div>\n\t\t\n\t\t\t\t\t\t<\/div>\n\t\t\t\t<\/div>\n\t\t\t\t\t<\/div>\n\t\t<\/div>\n\t\t\t\t\t<\/div>\n\t\t<\/section>\n\t\t\t\t<\/div>","protected":false},"excerpt":{"rendered":"","protected":false},"author":1,"featured_media":0,"parent":0,"menu_order":0,"comment_status":"closed","ping_status":"closed","template":"","meta":{"footnotes":""},"class_list":["post-620","page","type-page","status-publish","hentry"],"_links":{"self":[{"href":"https:\/\/flotafoods.com\/en\/wp-json\/wp\/v2\/pages\/620"}],"collection":[{"href":"https:\/\/flotafoods.com\/en\/wp-json\/wp\/v2\/pages"}],"about":[{"href":"https:\/\/flotafoods.com\/en\/wp-json\/wp\/v2\/types\/page"}],"author":[{"embeddable":true,"href":"https:\/\/flotafoods.com\/en\/wp-json\/wp\/v2\/users\/1"}],"replies":[{"embeddable":true,"href":"https:\/\/flotafoods.com\/en\/wp-json\/wp\/v2\/comments?post=620"}],"version-history":[{"count":49,"href":"https:\/\/flotafoods.com\/en\/wp-json\/wp\/v2\/pages\/620\/revisions"}],"predecessor-version":[{"id":2978,"href":"https:\/\/flotafoods.com\/en\/wp-json\/wp\/v2\/pages\/620\/revisions\/2978"}],"wp:attachment":[{"href":"https:\/\/flotafoods.com\/en\/wp-json\/wp\/v2\/media?parent=620"}],"curies":[{"name":"wp","href":"https:\/\/api.w.org\/{rel}","templated":true}]}}